{"id":165,"date":"2024-08-15T20:32:54","date_gmt":"2024-08-16T01:32:54","guid":{"rendered":"https:\/\/www.vitamania.pe\/gluconature\/?post_type=product&#038;p=165"},"modified":"2025-02-27T11:37:43","modified_gmt":"2025-02-27T16:37:43","slug":"gluconature-en-polvo","status":"publish","type":"product","link":"https:\/\/www.vitamania.pe\/gluconature\/producto\/gluconature-en-polvo\/","title":{"rendered":"Tinku GlucoNature"},"content":{"rendered":"","protected":false},"excerpt":{"rendered":"<p><span style=\"font-weight: 400;\"><strong>TINKU GLUCONATURE<\/strong> Producto Premium certificado BPM y FDA (Comercializado en Per\u00fa y USA) elaborado a base de Harina de Yac\u00f3n tratada, Alcachofa Premium seleccionada y S\u00e1bila. El poder de estos 3 componentes mantiene controlados los niveles altos de az\u00facar en la sangre as\u00ed como la ca\u00edda.\u00a0<\/span><\/p>\n<p><span style=\"font-weight: 400;\"><strong>TINKU GLUCONATURE<\/strong> es un producto 100% Natural recomendado por m\u00e9dicos endocrin\u00f3logos en centros de salud especializados as\u00ed como nutricionistas cl\u00ednicos para el tratamiento de la diabetes.\u00a0<\/span><\/p>\n<p>Frasco <strong>Tinku GlucoNature<\/strong> en Polvo de 200 gramos.<br \/>\nForma de Consumo: Tomar una cucharada dosificadora de 5 gramos de preferencia por las ma\u00f1anas.<\/p>\n<p><a class=\"button\" href=\"\/gluconature\/puntos-de-venta\/\" target=\"\">PEDIR CON EL DESCUENTO<\/a><\/p>\n","protected":false},"featured_media":83,"template":"","meta":{"_acf_changed":false},"product_brand":[],"product_cat":[16],"product_tag":[],"class_list":{"0":"post-165","1":"product","2":"type-product","3":"status-publish","4":"has-post-thumbnail","6":"product_cat-producto","8":"first","9":"instock","10":"sale","11":"shipping-taxable","12":"purchasable","13":"product-type-simple"},"acf":[],"yoast_head":"<!-- This site is optimized with the Yoast SEO plugin v24.5 - https:\/\/yoast.com\/wordpress\/plugins\/seo\/ -->\n<title>Tinku GlucoNature - Gluconature<\/title>\n<meta name=\"robots\" content=\"index, follow, max-snippet:-1, max-image-preview:large, max-video-preview:-1\" \/>\n<link rel=\"canonical\" href=\"https:\/\/www.vitamania.pe\/gluconature\/producto\/gluconature-en-polvo\/\" \/>\n<meta property=\"og:locale\" content=\"es_ES\" \/>\n<meta property=\"og:type\" content=\"article\" \/>\n<meta property=\"og:title\" content=\"Tinku GlucoNature - Gluconature\" \/>\n<meta property=\"og:description\" content=\"TINKU GLUCONATURE Producto Premium certificado BPM y FDA (Comercializado en Per\u00fa y USA) elaborado a base de Harina de Yac\u00f3n tratada, Alcachofa Premium seleccionada y S\u00e1bila. El poder de estos 3 componentes mantiene controlados los niveles altos de az\u00facar en la sangre as\u00ed como la ca\u00edda.\u00a0  TINKU GLUCONATURE es un producto 100% Natural recomendado por m\u00e9dicos endocrin\u00f3logos en centros de salud especializados as\u00ed como nutricionistas cl\u00ednicos para el tratamiento de la diabetes.\u00a0  Frasco Tinku GlucoNature en Polvo de 200 gramos. Forma de Consumo: Tomar una cucharada dosificadora de 5 gramos de preferencia por las ma\u00f1anas.  PEDIR CON EL DESCUENTO\" \/>\n<meta property=\"og:url\" content=\"https:\/\/www.vitamania.pe\/gluconature\/producto\/gluconature-en-polvo\/\" \/>\n<meta property=\"og:site_name\" content=\"Gluconature\" \/>\n<meta property=\"article:modified_time\" content=\"2025-02-27T16:37:43+00:00\" \/>\n<meta property=\"og:image\" content=\"https:\/\/www.vitamania.pe\/gluconature\/wp-content\/uploads\/2024\/08\/prod3.png\" \/>\n\t<meta property=\"og:image:width\" content=\"416\" \/>\n\t<meta property=\"og:image:height\" content=\"416\" \/>\n\t<meta property=\"og:image:type\" content=\"image\/png\" \/>\n<meta name=\"twitter:card\" content=\"summary_large_image\" \/>\n<meta name=\"twitter:label1\" content=\"Tiempo de lectura\" \/>\n\t<meta name=\"twitter:data1\" content=\"1 minuto\" \/>\n<script type=\"application\/ld+json\" class=\"yoast-schema-graph\">{\"@context\":\"https:\/\/schema.org\",\"@graph\":[{\"@type\":\"WebPage\",\"@id\":\"https:\/\/www.vitamania.pe\/gluconature\/producto\/gluconature-en-polvo\/\",\"url\":\"https:\/\/www.vitamania.pe\/gluconature\/producto\/gluconature-en-polvo\/\",\"name\":\"Tinku GlucoNature - Gluconature\",\"isPartOf\":{\"@id\":\"https:\/\/www.vitamania.pe\/gluconature\/#website\"},\"primaryImageOfPage\":{\"@id\":\"https:\/\/www.vitamania.pe\/gluconature\/producto\/gluconature-en-polvo\/#primaryimage\"},\"image\":{\"@id\":\"https:\/\/www.vitamania.pe\/gluconature\/producto\/gluconature-en-polvo\/#primaryimage\"},\"thumbnailUrl\":\"https:\/\/www.vitamania.pe\/gluconature\/wp-content\/uploads\/2024\/08\/prod3.png\",\"datePublished\":\"2024-08-16T01:32:54+00:00\",\"dateModified\":\"2025-02-27T16:37:43+00:00\",\"breadcrumb\":{\"@id\":\"https:\/\/www.vitamania.pe\/gluconature\/producto\/gluconature-en-polvo\/#breadcrumb\"},\"inLanguage\":\"es\",\"potentialAction\":[{\"@type\":\"ReadAction\",\"target\":[\"https:\/\/www.vitamania.pe\/gluconature\/producto\/gluconature-en-polvo\/\"]}]},{\"@type\":\"ImageObject\",\"inLanguage\":\"es\",\"@id\":\"https:\/\/www.vitamania.pe\/gluconature\/producto\/gluconature-en-polvo\/#primaryimage\",\"url\":\"https:\/\/www.vitamania.pe\/gluconature\/wp-content\/uploads\/2024\/08\/prod3.png\",\"contentUrl\":\"https:\/\/www.vitamania.pe\/gluconature\/wp-content\/uploads\/2024\/08\/prod3.png\",\"width\":416,\"height\":416},{\"@type\":\"BreadcrumbList\",\"@id\":\"https:\/\/www.vitamania.pe\/gluconature\/producto\/gluconature-en-polvo\/#breadcrumb\",\"itemListElement\":[{\"@type\":\"ListItem\",\"position\":1,\"name\":\"Portada\",\"item\":\"https:\/\/www.vitamania.pe\/gluconature\/\"},{\"@type\":\"ListItem\",\"position\":2,\"name\":\"Tienda\",\"item\":\"https:\/\/www.vitamania.pe\/gluconature\/tienda\/\"},{\"@type\":\"ListItem\",\"position\":3,\"name\":\"Tinku GlucoNature\"}]},{\"@type\":\"WebSite\",\"@id\":\"https:\/\/www.vitamania.pe\/gluconature\/#website\",\"url\":\"https:\/\/www.vitamania.pe\/gluconature\/\",\"name\":\"Gluconature\",\"description\":\"ComBate la DiaB\u00e9tes de forma Natural\",\"publisher\":{\"@id\":\"https:\/\/www.vitamania.pe\/gluconature\/#organization\"},\"alternateName\":\"ComBate la DiaB\u00e9tes de forma Natural\",\"potentialAction\":[{\"@type\":\"SearchAction\",\"target\":{\"@type\":\"EntryPoint\",\"urlTemplate\":\"https:\/\/www.vitamania.pe\/gluconature\/?s={search_term_string}\"},\"query-input\":{\"@type\":\"PropertyValueSpecification\",\"valueRequired\":true,\"valueName\":\"search_term_string\"}}],\"inLanguage\":\"es\"},{\"@type\":\"Organization\",\"@id\":\"https:\/\/www.vitamania.pe\/gluconature\/#organization\",\"name\":\"Gluconature\",\"url\":\"https:\/\/www.vitamania.pe\/gluconature\/\",\"logo\":{\"@type\":\"ImageObject\",\"inLanguage\":\"es\",\"@id\":\"https:\/\/www.vitamania.pe\/gluconature\/#\/schema\/logo\/image\/\",\"url\":\"https:\/\/www.vitamania.pe\/gluconature\/wp-content\/uploads\/2024\/08\/frasco-1.png\",\"contentUrl\":\"https:\/\/www.vitamania.pe\/gluconature\/wp-content\/uploads\/2024\/08\/frasco-1.png\",\"width\":345,\"height\":473,\"caption\":\"Gluconature\"},\"image\":{\"@id\":\"https:\/\/www.vitamania.pe\/gluconature\/#\/schema\/logo\/image\/\"}}]}<\/script>\n<!-- \/ Yoast SEO plugin. -->","yoast_head_json":{"title":"Tinku GlucoNature - Gluconature","robots":{"index":"index","follow":"follow","max-snippet":"max-snippet:-1","max-image-preview":"max-image-preview:large","max-video-preview":"max-video-preview:-1"},"canonical":"https:\/\/www.vitamania.pe\/gluconature\/producto\/gluconature-en-polvo\/","og_locale":"es_ES","og_type":"article","og_title":"Tinku GlucoNature - Gluconature","og_description":"TINKU GLUCONATURE Producto Premium certificado BPM y FDA (Comercializado en Per\u00fa y USA) elaborado a base de Harina de Yac\u00f3n tratada, Alcachofa Premium seleccionada y S\u00e1bila. El poder de estos 3 componentes mantiene controlados los niveles altos de az\u00facar en la sangre as\u00ed como la ca\u00edda.\u00a0  TINKU GLUCONATURE es un producto 100% Natural recomendado por m\u00e9dicos endocrin\u00f3logos en centros de salud especializados as\u00ed como nutricionistas cl\u00ednicos para el tratamiento de la diabetes.\u00a0  Frasco Tinku GlucoNature en Polvo de 200 gramos. Forma de Consumo: Tomar una cucharada dosificadora de 5 gramos de preferencia por las ma\u00f1anas.  PEDIR CON EL DESCUENTO","og_url":"https:\/\/www.vitamania.pe\/gluconature\/producto\/gluconature-en-polvo\/","og_site_name":"Gluconature","article_modified_time":"2025-02-27T16:37:43+00:00","og_image":[{"width":416,"height":416,"url":"https:\/\/www.vitamania.pe\/gluconature\/wp-content\/uploads\/2024\/08\/prod3.png","type":"image\/png"}],"twitter_card":"summary_large_image","twitter_misc":{"Tiempo de lectura":"1 minuto"},"schema":{"@context":"https:\/\/schema.org","@graph":[{"@type":"WebPage","@id":"https:\/\/www.vitamania.pe\/gluconature\/producto\/gluconature-en-polvo\/","url":"https:\/\/www.vitamania.pe\/gluconature\/producto\/gluconature-en-polvo\/","name":"Tinku GlucoNature - Gluconature","isPartOf":{"@id":"https:\/\/www.vitamania.pe\/gluconature\/#website"},"primaryImageOfPage":{"@id":"https:\/\/www.vitamania.pe\/gluconature\/producto\/gluconature-en-polvo\/#primaryimage"},"image":{"@id":"https:\/\/www.vitamania.pe\/gluconature\/producto\/gluconature-en-polvo\/#primaryimage"},"thumbnailUrl":"https:\/\/www.vitamania.pe\/gluconature\/wp-content\/uploads\/2024\/08\/prod3.png","datePublished":"2024-08-16T01:32:54+00:00","dateModified":"2025-02-27T16:37:43+00:00","breadcrumb":{"@id":"https:\/\/www.vitamania.pe\/gluconature\/producto\/gluconature-en-polvo\/#breadcrumb"},"inLanguage":"es","potentialAction":[{"@type":"ReadAction","target":["https:\/\/www.vitamania.pe\/gluconature\/producto\/gluconature-en-polvo\/"]}]},{"@type":"ImageObject","inLanguage":"es","@id":"https:\/\/www.vitamania.pe\/gluconature\/producto\/gluconature-en-polvo\/#primaryimage","url":"https:\/\/www.vitamania.pe\/gluconature\/wp-content\/uploads\/2024\/08\/prod3.png","contentUrl":"https:\/\/www.vitamania.pe\/gluconature\/wp-content\/uploads\/2024\/08\/prod3.png","width":416,"height":416},{"@type":"BreadcrumbList","@id":"https:\/\/www.vitamania.pe\/gluconature\/producto\/gluconature-en-polvo\/#breadcrumb","itemListElement":[{"@type":"ListItem","position":1,"name":"Portada","item":"https:\/\/www.vitamania.pe\/gluconature\/"},{"@type":"ListItem","position":2,"name":"Tienda","item":"https:\/\/www.vitamania.pe\/gluconature\/tienda\/"},{"@type":"ListItem","position":3,"name":"Tinku GlucoNature"}]},{"@type":"WebSite","@id":"https:\/\/www.vitamania.pe\/gluconature\/#website","url":"https:\/\/www.vitamania.pe\/gluconature\/","name":"Gluconature","description":"ComBate la DiaB\u00e9tes de forma Natural","publisher":{"@id":"https:\/\/www.vitamania.pe\/gluconature\/#organization"},"alternateName":"ComBate la DiaB\u00e9tes de forma Natural","potentialAction":[{"@type":"SearchAction","target":{"@type":"EntryPoint","urlTemplate":"https:\/\/www.vitamania.pe\/gluconature\/?s={search_term_string}"},"query-input":{"@type":"PropertyValueSpecification","valueRequired":true,"valueName":"search_term_string"}}],"inLanguage":"es"},{"@type":"Organization","@id":"https:\/\/www.vitamania.pe\/gluconature\/#organization","name":"Gluconature","url":"https:\/\/www.vitamania.pe\/gluconature\/","logo":{"@type":"ImageObject","inLanguage":"es","@id":"https:\/\/www.vitamania.pe\/gluconature\/#\/schema\/logo\/image\/","url":"https:\/\/www.vitamania.pe\/gluconature\/wp-content\/uploads\/2024\/08\/frasco-1.png","contentUrl":"https:\/\/www.vitamania.pe\/gluconature\/wp-content\/uploads\/2024\/08\/frasco-1.png","width":345,"height":473,"caption":"Gluconature"},"image":{"@id":"https:\/\/www.vitamania.pe\/gluconature\/#\/schema\/logo\/image\/"}}]}},"_links":{"self":[{"href":"https:\/\/www.vitamania.pe\/gluconature\/wp-json\/wp\/v2\/product\/165","targetHints":{"allow":["GET"]}}],"collection":[{"href":"https:\/\/www.vitamania.pe\/gluconature\/wp-json\/wp\/v2\/product"}],"about":[{"href":"https:\/\/www.vitamania.pe\/gluconature\/wp-json\/wp\/v2\/types\/product"}],"wp:featuredmedia":[{"embeddable":true,"href":"https:\/\/www.vitamania.pe\/gluconature\/wp-json\/wp\/v2\/media\/83"}],"wp:attachment":[{"href":"https:\/\/www.vitamania.pe\/gluconature\/wp-json\/wp\/v2\/media?parent=165"}],"wp:term":[{"taxonomy":"product_brand","embeddable":true,"href":"https:\/\/www.vitamania.pe\/gluconature\/wp-json\/wp\/v2\/product_brand?post=165"},{"taxonomy":"product_cat","embeddable":true,"href":"https:\/\/www.vitamania.pe\/gluconature\/wp-json\/wp\/v2\/product_cat?post=165"},{"taxonomy":"product_tag","embeddable":true,"href":"https:\/\/www.vitamania.pe\/gluconature\/wp-json\/wp\/v2\/product_tag?post=165"}],"curies":[{"name":"wp","href":"https:\/\/api.w.org\/{rel}","templated":true}]}}