{"id":2,"date":"2024-08-24T17:04:24","date_gmt":"2024-08-24T17:04:24","guid":{"rendered":"https:\/\/www.vitamania.pe\/gluconature\/?page_id=2"},"modified":"2025-04-15T23:40:19","modified_gmt":"2025-04-16T04:40:19","slug":"sample-page","status":"publish","type":"page","link":"https:\/\/www.vitamania.pe\/gluconature\/","title":{"rendered":"GlucoNature"},"content":{"rendered":"<section id=\"banner-block_114ea2035ec1e0b8b87c416a8dfc5b35\" class=\"banner\"\r\n    style=\"background-image: url(https:\/\/www.vitamania.pe\/gluconature\/wp-content\/uploads\/2024\/08\/Banner.png);\">\r\n    <div class=\"container\">\r\n        <div class=\"content\">\r\n            <div class=\"banner-block\">\r\n                <div class=\"banner-block-inner\">\r\n                    <div class=\"display-3\">TINKU GLUCONATURE<\/div>\r\n                    <h1>\u00bfProblemas con el Az\u00facar?<\/h1>\r\n                    <h4>Combate la Diabetes de forma Natural<\/h4>\r\n                    <div class=\"prices\">\r\n                        <div class=\"price\">\r\n                            <h4><del>S\/ 75<\/del><\/h4>\r\n                        <\/div>\r\n                        <h1 class=\"offer\">S\/ 69.90<\/h1>\r\n                    <\/div>\r\n                                            <h1 class=\"color-main\">P\u00eddelo como TINKU GLUCONATURE<\/h1>\r\n                                    <\/div>\r\n            <\/div>\r\n                            <a href=\"\/gluconature\/puntos-de-venta\/\" target=\"\"\r\n                    class=\"button\">PEDIR CON EL DESCUENTO<\/a>\r\n                                        <div class=\"icons\">\r\n                                            <img decoding=\"async\" src=\"https:\/\/www.vitamania.pe\/gluconature\/wp-content\/uploads\/2024\/08\/fda.png\" alt=\"FDA\">\r\n                                            <img decoding=\"async\" src=\"https:\/\/www.vitamania.pe\/gluconature\/wp-content\/uploads\/2024\/08\/bpm.png\" alt=\"BMP\">\r\n                                            <img decoding=\"async\" src=\"https:\/\/www.vitamania.pe\/gluconature\/wp-content\/uploads\/2024\/08\/usa.png\" alt=\"USA\">\r\n                                    <\/div>\r\n                    <\/div>\r\n        <div class=\"image\">\r\n                            <img decoding=\"async\" src=\"https:\/\/www.vitamania.pe\/gluconature\/wp-content\/uploads\/2025\/02\/frasco-1.png\" alt=\"\">\r\n                    <\/div>\r\n    <\/div>\r\n<\/section><section id=\"icons-w-block_b405aeb17af675ae04a051e2a0b38fd2\" class=\"icons-w\">\r\n    <div class=\"container\">\r\n                    <div class=\"icon-w-block\">\r\n                <img decoding=\"async\" src=\"https:\/\/www.vitamania.pe\/gluconature\/wp-content\/uploads\/2024\/08\/carbon_delivery.png\" alt=\"ENV\u00cdO\">\r\n                <div class=\"texts\">\r\n                    <h1>ENV\u00cdO<\/h1>\r\n                    <h4>Env\u00edo a toda Lima Metropolitana<\/h4>\r\n                <\/div>\r\n            <\/div>\r\n                    <div class=\"icon-w-block\">\r\n                <img decoding=\"async\" src=\"https:\/\/www.vitamania.pe\/gluconature\/wp-content\/uploads\/2024\/08\/clarity_wallet-line.png\" alt=\"PAGO\">\r\n                <div class=\"texts\">\r\n                    <h1>PAGO<\/h1>\r\n                    <h4>Paga de forma segura<\/h4>\r\n                <\/div>\r\n            <\/div>\r\n                    <div class=\"icon-w-block\">\r\n                <img decoding=\"async\" src=\"https:\/\/www.vitamania.pe\/gluconature\/wp-content\/uploads\/2024\/08\/iconamoon_certificate-badge-light.png\" alt=\"GARANT\u00cdA\">\r\n                <div class=\"texts\">\r\n                    <h1>GARANT\u00cdA<\/h1>\r\n                    <h4>100% Calidad (Producto Natural)<\/h4>\r\n                <\/div>\r\n            <\/div>\r\n            <\/div>\r\n<\/section><section id=\"products-block_9682fe6f27cb31dd97f76ba59b92c8c7\" class=\"container products\">\r\n\r\n            <div class=\"product\">\r\n            <a href=\"https:\/\/www.vitamania.pe\/gluconature\/producto\/gluconature-en-polvo\/\">\r\n                <img decoding=\"async\" src=\"https:\/\/www.vitamania.pe\/gluconature\/wp-content\/uploads\/2024\/08\/prod3.png\" alt=\"Tinku Gluconature\">\r\n                <h3>Tinku Gluconature<\/h3>\r\n                <div class=\"price\">\r\n                    <div class=\"old\">\r\n                        <del>                            S\/ 75                            <\/del>                    <\/div>\r\n                                            <div class=\"offer\">S\/ 69.90<\/div>\r\n                                    <\/div>\r\n            <\/a>\r\n        <\/div>\r\n    <\/section><section id=\"videos-block_fe4b03cadddac83f441a5362029f4995\" class=\"videos\">\r\n    <div class=\"container\">\r\n        <div class=\"texts\">\r\n            <h1>INFORMACI\u00d3N DEL PRODUCTO<\/h1>\r\n            <div>TINKU GLUCONATURE Producto Premium certificado BPM y FDA (Comercializado en Per\u00fa y USA) elaborado a base de Harina de Yac\u00f3n tratada, Alcachofa Premium seleccionada y S\u00e1bila. El poder de estos 3 componentes mantiene controlados los niveles altos de az\u00facar en la sangre as\u00ed como la ca\u00edda.<\/div>\n<div>\n<p><span style=\"font-weight: 400;\">TINKU GLUCONATURE es un producto 100% Natural recomendado por m\u00e9dicos endocrin\u00f3logos en centros de salud especializados as\u00ed como nutricionistas cl\u00ednicos para el tratamiento de la diabetes.\u00a0<\/span><\/p>\n<\/div>\n        <\/div>\r\n        <div class=\"videos-grid\">\r\n                            <div class=\"grid-block\">\r\n                    <iframe src=\"https:\/\/www.youtube.com\/embed\/WIaBs-pNDJw\" frameborder=\"0\"\r\n                        allowfullscreen=\"\"><\/iframe>\r\n                <\/div>\r\n                            <div class=\"grid-block\">\r\n                    <iframe src=\"https:\/\/www.youtube.com\/embed\/HZ1IVH9kTGw\" frameborder=\"0\"\r\n                        allowfullscreen=\"\"><\/iframe>\r\n                <\/div>\r\n                    <\/div>\r\n    <\/div>\r\n<\/section><section id=\"testimonials-block_f4110a6c3340f1c58324a4a232024ee8\" class=\"container testimonials\">\r\n            <h1>Comentarios de Personas que han tomado Tinku GlucoNature<\/h1>\r\n        <div class=\"testimonials-list\">\r\n                    <div class=\"testimonial\">\r\n                <img decoding=\"async\" src=\"https:\/\/www.vitamania.pe\/gluconature\/wp-content\/themes\/GlucoNature\/images\/ei_user.png\" alt=\"User\">\r\n                <div class=\"text\">\r\n                    <p>El producto es excelente, tengo tendencia a tener el az\u00facar alta, pero desde que consumo Tinku GlucoNature he mejorado much\u00edsimo y est\u00e1 controlado.<\/p>\n                <\/div>\r\n            <\/div>\r\n                    <div class=\"testimonial\">\r\n                <img decoding=\"async\" src=\"https:\/\/www.vitamania.pe\/gluconature\/wp-content\/themes\/GlucoNature\/images\/ei_user.png\" alt=\"User\">\r\n                <div class=\"text\">\r\n                    <p>Al principio no le ten\u00eda mucha fe, pero despu\u00e9s de 3 semanas de consumir Tinku GlucoNature de forma disciplinada comenc\u00e9 a notar que los niveles de az\u00facar comenzaban a estabilizarse.<\/p>\n                <\/div>\r\n            <\/div>\r\n                    <div class=\"testimonial\">\r\n                <img decoding=\"async\" src=\"https:\/\/www.vitamania.pe\/gluconature\/wp-content\/themes\/GlucoNature\/images\/ei_user.png\" alt=\"User\">\r\n                <div class=\"text\">\r\n                    <p>Tengo diabetes tipo 2 y puedo decir que es un excelente producto. Si bien este producto no te va a curar, es excelente para ayudarte a mantener a raya los picos de az\u00facar.<\/p>\n                <\/div>\r\n            <\/div>\r\n                    <div class=\"testimonial\">\r\n                <img decoding=\"async\" src=\"https:\/\/www.vitamania.pe\/gluconature\/wp-content\/themes\/GlucoNature\/images\/ei_user.png\" alt=\"User\">\r\n                <div class=\"text\">\r\n                    <p>Comenc\u00e9 a tomar Tinku GlucoNature hace 1 mes y desde la segunda semana not\u00e9 la mejora, incre\u00edble como sus componentes naturales pueden ser de gran ayuda para evitar los niveles altos de az\u00facar.<\/p>\n                <\/div>\r\n            <\/div>\r\n                    <div class=\"testimonial\">\r\n                <img decoding=\"async\" src=\"https:\/\/www.vitamania.pe\/gluconature\/wp-content\/themes\/GlucoNature\/images\/ei_user.png\" alt=\"User\">\r\n                <div class=\"text\">\r\n                    <p>Hace 5 a\u00f1os me diagnosticaron diabetes y vengo luchando con esta enfermedad. Desde que consumo Tinku GlucoNature he tenido una notable mejora, no hay duda que los alimentos son clave y este producto ha seleccionado bien su f\u00f3rmula.<\/p>\n                <\/div>\r\n            <\/div>\r\n            <\/div>\r\n<\/section><section id=\"certifications-block_458eff1633192ae75dd2f8bda7e6cf2b\" class=\"certifications\">\r\n    <div class=\"container\">\r\n                    <div class=\"certificated\">\r\n                <img decoding=\"async\" src=\"https:\/\/www.vitamania.pe\/gluconature\/wp-content\/uploads\/2024\/08\/DIGESA-logo-1.png\" alt=\"DIGESA\">\r\n                <h4>Producto 100% Natural (Registro DIGESA)<\/h4>\r\n            <\/div>\r\n                    <div class=\"certificated\">\r\n                <img decoding=\"async\" src=\"https:\/\/www.vitamania.pe\/gluconature\/wp-content\/uploads\/2024\/08\/bpm-1.png\" alt=\"BPM\">\r\n                <h4>BPM<\/h4>\r\n            <\/div>\r\n                    <div class=\"certificated\">\r\n                <img decoding=\"async\" src=\"https:\/\/www.vitamania.pe\/gluconature\/wp-content\/uploads\/2024\/08\/istockphoto-1369753139-612x612-2.png\" alt=\"FDA\">\r\n                <h4>FDA<\/h4>\r\n            <\/div>\r\n            <\/div>\r\n<\/section><section id=\"faq-block_f5f2312f3b2e9804d3b5663470971b34\" class=\"container faq\">\r\n    <h1>Preguntas Frecuentes<\/h1>\r\n    <div class=\"faqs\">\r\n                            <div class=\"question\">\r\n                <input type=\"checkbox\" id=\"tab1\">\r\n                <label for=\"tab1\"><span>Hice un pedido para provincias, \u00bfcu\u00e1nto tarda en llegar?<\/span><img decoding=\"async\"\r\n                        src=\"https:\/\/www.vitamania.pe\/gluconature\/wp-content\/themes\/GlucoNature\/images\/formkit_down.png\" alt=\"\"><\/label>\r\n                <div class=\"content\">\r\n                    <p>Por lo general hacemos todos los env\u00edos a trav\u00e9s de OLVA COURIER, los tiempos de entrega son de aproximadamente 48 horas y para recojo en agencia OLVA.<\/p>\n                <\/div>\r\n            <\/div>\r\n                                <div class=\"question\">\r\n                <input type=\"checkbox\" id=\"tab2\">\r\n                <label for=\"tab2\"><span>\u00bfHay un recargo por el env\u00edo a provincias?<\/span><img decoding=\"async\"\r\n                        src=\"https:\/\/www.vitamania.pe\/gluconature\/wp-content\/themes\/GlucoNature\/images\/formkit_down.png\" alt=\"\"><\/label>\r\n                <div class=\"content\">\r\n                    <p>S\u00ed, hay un recargo de S\/10 por el env\u00edo a trav\u00e9s de OLVA COURIER, salvo cuando se aplica alguna promoci\u00f3n especial sin costo por env\u00edo.<\/p>\n                <\/div>\r\n            <\/div>\r\n                                <div class=\"question\">\r\n                <input type=\"checkbox\" id=\"tab3\">\r\n                <label for=\"tab3\"><span>\u00bfMi producto lleg\u00f3 con una falla, lo pueden cambiar?<\/span><img decoding=\"async\"\r\n                        src=\"https:\/\/www.vitamania.pe\/gluconature\/wp-content\/themes\/GlucoNature\/images\/formkit_down.png\" alt=\"\"><\/label>\r\n                <div class=\"content\">\r\n                    <p>Si el producto lleg\u00f3 con alguna falla te pedimos que por favor tomes una foto lo m\u00e1s clara posible para proceder con el cambio respectivo.<\/p>\n                <\/div>\r\n            <\/div>\r\n                                <div class=\"question\">\r\n                <input type=\"checkbox\" id=\"tab4\">\r\n                <label for=\"tab4\"><span>TINKU GLUCONATURE tiene alg\u00fan tipo de Garant\u00eda?<\/span><img decoding=\"async\"\r\n                        src=\"https:\/\/www.vitamania.pe\/gluconature\/wp-content\/themes\/GlucoNature\/images\/formkit_down.png\" alt=\"\"><\/label>\r\n                <div class=\"content\">\r\n                    <p>Tinku GlucoNature es un producto con registro sanitario, certificado BPM (Otorgado a laboratorios con los m\u00e1s altos est\u00e1ndares y pr\u00e1cticas manejando insumos) y certificado FDA para la venta en USA. Es 100% Natural y est\u00e1 elaborado con los mejores insumos.<\/p>\n                <\/div>\r\n            <\/div>\r\n                                <div class=\"question\">\r\n                <input type=\"checkbox\" id=\"tab5\">\r\n                <label for=\"tab5\"><span>\u00bfCualquier persona puede consumir TINKU GLUCONATURE?<\/span><img decoding=\"async\"\r\n                        src=\"https:\/\/www.vitamania.pe\/gluconature\/wp-content\/themes\/GlucoNature\/images\/formkit_down.png\" alt=\"\"><\/label>\r\n                <div class=\"content\">\r\n                    <p>S\u00ed, es un producto natural. Si eres mayor de edad puedes consumirlo sin problema.<\/p>\n                <\/div>\r\n            <\/div>\r\n                                <div class=\"question\">\r\n                <input type=\"checkbox\" id=\"tab6\">\r\n                <label for=\"tab6\"><span>Tuve una reacci\u00f3n adversa despu\u00e9s de consumir TINKU GLUCONATURE, \u00bfqu\u00e9 tengo que hacer?<\/span><img decoding=\"async\"\r\n                        src=\"https:\/\/www.vitamania.pe\/gluconature\/wp-content\/themes\/GlucoNature\/images\/formkit_down.png\" alt=\"\"><\/label>\r\n                <div class=\"content\">\r\n                    <p>TINKU GLUCONATURE es 100% Natural y cuenta con el debido registro sanitario. Cuando consumes TINKU GLUCONATURE est\u00e1n ingiriendo alimentos pero en una presentaci\u00f3n micro-pulverizada. Son muy pocos los casos de personas que han tenido alguna reacci\u00f3n al\u00e9rgica, en cualquier caso lo mejor es suspender por completo el consumo de producto.<\/p>\n                <\/div>\r\n            <\/div>\r\n                        <\/div>\r\n<\/section><section id=\"stores-block_103ec3bf0434403e3a0f7237ff53352d\" class=\"stores\">\n    <div class=\"container\">\n        <h1>ENCU\u00c9NTRALO EN<\/h1>\n        <div class=\"logos-stores\">\n                            <div class=\"logo\"><a href=\"https:\/\/www.mifarma.com.pe\/producto\/gluco-nature-tinku-yacon-sabila-alcachofa-premium\/072350\" target=\"_blank\"><img decoding=\"async\" src=\"https:\/\/www.vitamania.pe\/gluconature\/wp-content\/uploads\/2024\/08\/MiFarma-1.png\" alt=\"\"><\/a><\/div>\n                            <div class=\"logo\"><a href=\"https:\/\/inkafarma.pe\/producto\/gluco-nature-tinku-yacon-sabila-alcachofa-premium\/072350\" target=\"_blank\"><img decoding=\"async\" src=\"https:\/\/www.vitamania.pe\/gluconature\/wp-content\/uploads\/2024\/08\/inkafarma.png\" alt=\"\"><\/a><\/div>\n                    <\/div>\n        <h4>Cont\u00e1ctanos para confirmar las sedes habilitadas<\/h4>\n\t\t<h4>\n\t\t\t<a class=\"btnf\" href=\"https:\/\/www.vitamania.pe\/gluconature\/puntos-de-venta\/\">Conoce nuestros puntos de venta<\/a>\n\t\t<\/h4>\n    <\/div>\n<\/section>","protected":false},"excerpt":{"rendered":"","protected":false},"author":1,"featured_media":0,"parent":0,"menu_order":0,"comment_status":"closed","ping_status":"open","template":"","meta":{"_acf_changed":false,"footnotes":""},"class_list":["post-2","page","type-page","status-publish","hentry"],"acf":[],"yoast_head":"<!-- This site is optimized with the Yoast SEO plugin v24.5 - https:\/\/yoast.com\/wordpress\/plugins\/seo\/ -->\n<title>GlucoNature - ComBate la DiaB\u00e9tes de forma Natural<\/title>\n<meta name=\"robots\" content=\"index, follow, max-snippet:-1, max-image-preview:large, max-video-preview:-1\" \/>\n<link rel=\"canonical\" href=\"https:\/\/www.vitamania.pe\/gluconature\/\" \/>\n<meta property=\"og:locale\" content=\"es_ES\" \/>\n<meta property=\"og:type\" content=\"article\" \/>\n<meta property=\"og:title\" content=\"GlucoNature - ComBate la DiaB\u00e9tes de forma Natural\" \/>\n<meta property=\"og:url\" content=\"https:\/\/www.vitamania.pe\/gluconature\/\" \/>\n<meta property=\"og:site_name\" content=\"Gluconature\" \/>\n<meta property=\"article:modified_time\" content=\"2025-04-16T04:40:19+00:00\" \/>\n<meta property=\"og:image\" content=\"https:\/\/www.vitamania.pe\/gluconature\/wp-content\/uploads\/2024\/08\/prod2.png\" \/>\n\t<meta property=\"og:image:width\" content=\"416\" \/>\n\t<meta property=\"og:image:height\" content=\"416\" \/>\n\t<meta property=\"og:image:type\" content=\"image\/png\" \/>\n<meta name=\"twitter:card\" content=\"summary_large_image\" \/>\n<script type=\"application\/ld+json\" class=\"yoast-schema-graph\">{\"@context\":\"https:\/\/schema.org\",\"@graph\":[{\"@type\":\"WebPage\",\"@id\":\"https:\/\/www.vitamania.pe\/gluconature\/\",\"url\":\"https:\/\/www.vitamania.pe\/gluconature\/\",\"name\":\"GlucoNature - ComBate la DiaB\u00e9tes de forma Natural\",\"isPartOf\":{\"@id\":\"https:\/\/www.vitamania.pe\/gluconature\/#website\"},\"datePublished\":\"2024-08-24T17:04:24+00:00\",\"dateModified\":\"2025-04-16T04:40:19+00:00\",\"breadcrumb\":{\"@id\":\"https:\/\/www.vitamania.pe\/gluconature\/#breadcrumb\"},\"inLanguage\":\"es\",\"potentialAction\":[{\"@type\":\"ReadAction\",\"target\":[\"https:\/\/www.vitamania.pe\/gluconature\/\"]}]},{\"@type\":\"BreadcrumbList\",\"@id\":\"https:\/\/www.vitamania.pe\/gluconature\/#breadcrumb\",\"itemListElement\":[{\"@type\":\"ListItem\",\"position\":1,\"name\":\"Portada\",\"item\":\"https:\/\/www.vitamania.pe\/gluconature\/\"},{\"@type\":\"ListItem\",\"position\":2,\"name\":\"GlucoNature\"}]},{\"@type\":\"WebSite\",\"@id\":\"https:\/\/www.vitamania.pe\/gluconature\/#website\",\"url\":\"https:\/\/www.vitamania.pe\/gluconature\/\",\"name\":\"Gluconature\",\"description\":\"ComBate la DiaB\u00e9tes de forma Natural\",\"publisher\":{\"@id\":\"https:\/\/www.vitamania.pe\/gluconature\/#organization\"},\"alternateName\":\"ComBate la DiaB\u00e9tes de forma Natural\",\"potentialAction\":[{\"@type\":\"SearchAction\",\"target\":{\"@type\":\"EntryPoint\",\"urlTemplate\":\"https:\/\/www.vitamania.pe\/gluconature\/?s={search_term_string}\"},\"query-input\":{\"@type\":\"PropertyValueSpecification\",\"valueRequired\":true,\"valueName\":\"search_term_string\"}}],\"inLanguage\":\"es\"},{\"@type\":\"Organization\",\"@id\":\"https:\/\/www.vitamania.pe\/gluconature\/#organization\",\"name\":\"Gluconature\",\"url\":\"https:\/\/www.vitamania.pe\/gluconature\/\",\"logo\":{\"@type\":\"ImageObject\",\"inLanguage\":\"es\",\"@id\":\"https:\/\/www.vitamania.pe\/gluconature\/#\/schema\/logo\/image\/\",\"url\":\"https:\/\/www.vitamania.pe\/gluconature\/wp-content\/uploads\/2024\/08\/frasco-1.png\",\"contentUrl\":\"https:\/\/www.vitamania.pe\/gluconature\/wp-content\/uploads\/2024\/08\/frasco-1.png\",\"width\":345,\"height\":473,\"caption\":\"Gluconature\"},\"image\":{\"@id\":\"https:\/\/www.vitamania.pe\/gluconature\/#\/schema\/logo\/image\/\"}}]}<\/script>\n<!-- \/ Yoast SEO plugin. -->","yoast_head_json":{"title":"GlucoNature - ComBate la DiaB\u00e9tes de forma Natural","robots":{"index":"index","follow":"follow","max-snippet":"max-snippet:-1","max-image-preview":"max-image-preview:large","max-video-preview":"max-video-preview:-1"},"canonical":"https:\/\/www.vitamania.pe\/gluconature\/","og_locale":"es_ES","og_type":"article","og_title":"GlucoNature - ComBate la DiaB\u00e9tes de forma Natural","og_url":"https:\/\/www.vitamania.pe\/gluconature\/","og_site_name":"Gluconature","article_modified_time":"2025-04-16T04:40:19+00:00","og_image":[{"width":416,"height":416,"url":"https:\/\/www.vitamania.pe\/gluconature\/wp-content\/uploads\/2024\/08\/prod2.png","type":"image\/png"}],"twitter_card":"summary_large_image","schema":{"@context":"https:\/\/schema.org","@graph":[{"@type":"WebPage","@id":"https:\/\/www.vitamania.pe\/gluconature\/","url":"https:\/\/www.vitamania.pe\/gluconature\/","name":"GlucoNature - ComBate la DiaB\u00e9tes de forma Natural","isPartOf":{"@id":"https:\/\/www.vitamania.pe\/gluconature\/#website"},"datePublished":"2024-08-24T17:04:24+00:00","dateModified":"2025-04-16T04:40:19+00:00","breadcrumb":{"@id":"https:\/\/www.vitamania.pe\/gluconature\/#breadcrumb"},"inLanguage":"es","potentialAction":[{"@type":"ReadAction","target":["https:\/\/www.vitamania.pe\/gluconature\/"]}]},{"@type":"BreadcrumbList","@id":"https:\/\/www.vitamania.pe\/gluconature\/#breadcrumb","itemListElement":[{"@type":"ListItem","position":1,"name":"Portada","item":"https:\/\/www.vitamania.pe\/gluconature\/"},{"@type":"ListItem","position":2,"name":"GlucoNature"}]},{"@type":"WebSite","@id":"https:\/\/www.vitamania.pe\/gluconature\/#website","url":"https:\/\/www.vitamania.pe\/gluconature\/","name":"Gluconature","description":"ComBate la DiaB\u00e9tes de forma Natural","publisher":{"@id":"https:\/\/www.vitamania.pe\/gluconature\/#organization"},"alternateName":"ComBate la DiaB\u00e9tes de forma Natural","potentialAction":[{"@type":"SearchAction","target":{"@type":"EntryPoint","urlTemplate":"https:\/\/www.vitamania.pe\/gluconature\/?s={search_term_string}"},"query-input":{"@type":"PropertyValueSpecification","valueRequired":true,"valueName":"search_term_string"}}],"inLanguage":"es"},{"@type":"Organization","@id":"https:\/\/www.vitamania.pe\/gluconature\/#organization","name":"Gluconature","url":"https:\/\/www.vitamania.pe\/gluconature\/","logo":{"@type":"ImageObject","inLanguage":"es","@id":"https:\/\/www.vitamania.pe\/gluconature\/#\/schema\/logo\/image\/","url":"https:\/\/www.vitamania.pe\/gluconature\/wp-content\/uploads\/2024\/08\/frasco-1.png","contentUrl":"https:\/\/www.vitamania.pe\/gluconature\/wp-content\/uploads\/2024\/08\/frasco-1.png","width":345,"height":473,"caption":"Gluconature"},"image":{"@id":"https:\/\/www.vitamania.pe\/gluconature\/#\/schema\/logo\/image\/"}}]}},"_links":{"self":[{"href":"https:\/\/www.vitamania.pe\/gluconature\/wp-json\/wp\/v2\/pages\/2","targetHints":{"allow":["GET"]}}],"collection":[{"href":"https:\/\/www.vitamania.pe\/gluconature\/wp-json\/wp\/v2\/pages"}],"about":[{"href":"https:\/\/www.vitamania.pe\/gluconature\/wp-json\/wp\/v2\/types\/page"}],"author":[{"embeddable":true,"href":"https:\/\/www.vitamania.pe\/gluconature\/wp-json\/wp\/v2\/users\/1"}],"replies":[{"embeddable":true,"href":"https:\/\/www.vitamania.pe\/gluconature\/wp-json\/wp\/v2\/comments?post=2"}],"version-history":[{"count":10,"href":"https:\/\/www.vitamania.pe\/gluconature\/wp-json\/wp\/v2\/pages\/2\/revisions"}],"predecessor-version":[{"id":260,"href":"https:\/\/www.vitamania.pe\/gluconature\/wp-json\/wp\/v2\/pages\/2\/revisions\/260"}],"wp:attachment":[{"href":"https:\/\/www.vitamania.pe\/gluconature\/wp-json\/wp\/v2\/media?parent=2"}],"curies":[{"name":"wp","href":"https:\/\/api.w.org\/{rel}","templated":true}]}}